{"id":2,"date":"2014-02-05T11:54:24","date_gmt":"2014-02-05T11:54:24","guid":{"rendered":"http:\/\/blogg.vm.ntnu.no\/xraynet\/?page_id=2"},"modified":"2014-05-28T14:59:38","modified_gmt":"2014-05-28T12:59:38","slug":"testside","status":"publish","type":"page","link":"https:\/\/blogg.vm.ntnu.no\/xraynet\/testside\/","title":{"rendered":"Om bloggen"},"content":{"rendered":"<p>Den 2-3 December 2013 arangerade NTNU Vitenskapsmuseet en workshop i digital r\u00f6ntgen f\u00f6r konservatorer. Workshopen var mycket l\u00e4rorik och givande, r\u00f6ntgen \u00e4r en teknik med l\u00e5ng tradition inom konservering som ser ut att f\u00e5 en \u00e4n st\u00f6rre betydelse fram\u00f6ver.<\/p>\n<p>I slutet av workshopen beslutade vi att bilda ett Nordiskt r\u00f6ntgenn\u00e4tverk f\u00f6r konservatorer, den h\u00e4r bloggen \u00e4r t\u00e4nkt att fungera som en plattform f\u00f6r detta n\u00e4tverk. I bloggen hoppas vi kunna forts\u00e4tta den goda dialog som uppstod under workshoppen och p\u00e5 s\u00e5 vis l\u00e4ra oss mer om den m\u00e5ngsidiga r\u00f6ntgentekniken.<\/p>\n<p>Vill du\/ din institution bli en del av n\u00e4tverker eller \u00f6nskar du bidra till bloggen? Kontakta redaktionen p\u00e5 <a href=\"mailto:xray@vm.ntnu.no\">xray@vm.ntnu.no<\/a>.<\/p>\n<p>&nbsp;<\/p>\n<p><em>On the 2<sup>nd<\/sup> and 3<sup>rd<\/sup> of December 2013 NTNU Vitenskapsmuseet organized a workshop in digital x-radiography for conservators. The workshop proved educational and inspiring. X-radiography is a technique with a long tradition within the field of conservation, and it appears to be gaining an even greater significance now that digital equipment is available.<\/em><\/p>\n<p><em>At the end of the workshop it was decided to create a Nordic x-ray network for conservators. This blog will act as a platform for communication within the network. We hope that the blog can be a forum where discussions from the workshop are continued, and where members can share their questions, ideas and discoveries regarding their everyday work with digital x-radiography.\u00a0<\/em><\/p>\n<p><em>Would you or your institution like to become a member of the network, or would you like to contribute to the blog, please contact the editors at <a href=\"mailto:xray@vm.ntnu.no\">xray@vm.ntnu.no<\/a>.<\/em><\/p>\n","protected":false},"excerpt":{"rendered":"<p>Den 2-3 December 2013 arangerade NTNU Vitenskapsmuseet en workshop i digital r\u00f6ntgen f\u00f6r konservatorer. Workshopen var mycket l\u00e4rorik och givande, r\u00f6ntgen \u00e4r en teknik&#8230;<\/p>\n","protected":false},"author":1,"featured_media":0,"parent":0,"menu_order":0,"comment_status":"open","ping_status":"open","template":"","meta":{"_monsterinsights_skip_tracking":false,"_monsterinsights_sitenote_active":false,"_monsterinsights_sitenote_note":"","_monsterinsights_sitenote_category":0,"footnotes":""},"class_list":["post-2","page","type-page","status-publish","hentry"],"_links":{"self":[{"href":"https:\/\/blogg.vm.ntnu.no\/xraynet\/wp-json\/wp\/v2\/pages\/2","targetHints":{"allow":["GET"]}}],"collection":[{"href":"https:\/\/blogg.vm.ntnu.no\/xraynet\/wp-json\/wp\/v2\/pages"}],"about":[{"href":"https:\/\/blogg.vm.ntnu.no\/xraynet\/wp-json\/wp\/v2\/types\/page"}],"author":[{"embeddable":true,"href":"https:\/\/blogg.vm.ntnu.no\/xraynet\/wp-json\/wp\/v2\/users\/1"}],"replies":[{"embeddable":true,"href":"https:\/\/blogg.vm.ntnu.no\/xraynet\/wp-json\/wp\/v2\/comments?post=2"}],"version-history":[{"count":5,"href":"https:\/\/blogg.vm.ntnu.no\/xraynet\/wp-json\/wp\/v2\/pages\/2\/revisions"}],"predecessor-version":[{"id":92,"href":"https:\/\/blogg.vm.ntnu.no\/xraynet\/wp-json\/wp\/v2\/pages\/2\/revisions\/92"}],"wp:attachment":[{"href":"https:\/\/blogg.vm.ntnu.no\/xraynet\/wp-json\/wp\/v2\/media?parent=2"}],"curies":[{"name":"wp","href":"https:\/\/api.w.org\/{rel}","templated":true}]}}