{"id":37,"date":"2017-05-09T12:01:29","date_gmt":"2017-05-09T12:01:29","guid":{"rendered":"http:\/\/blogg.vm.ntnu.no\/tardigrada\/?page_id=37"},"modified":"2018-02-05T14:58:58","modified_gmt":"2018-02-05T14:58:58","slug":"finn-ditt-eget-bjornedyr","status":"publish","type":"page","link":"https:\/\/blogg.vm.ntnu.no\/tardigrada\/finn-ditt-eget-bjornedyr\/","title":{"rendered":"Finn ditt eget bj\u00f8rnedyr"},"content":{"rendered":"<p>Bj\u00f8rnedyr er umulige \u00e5 se med det blotte \u00f8ye ute i naturen. Men, du kan finne dem med denne enkle fremgangsm\u00e5ten<\/p>\n<p><span style=\"color: #000000\">Dette trenger du: En b\u00f8tte, en stor plastflaske med avkuttet tut, vann, lupe, sk\u00e5l med svart underlag og godt lys.<\/span><\/p>\n<ol>\n<li>Plukk litt mose eller lav ute i naturen. Noen <img loading=\"lazy\" decoding=\"async\" class=\" wp-image-38 alignright\" src=\"http:\/\/blogg.vm.ntnu.no\/tardigrada\/files\/2017\/05\/mose-225x300.jpg\" alt=\"\" width=\"200\" height=\"267\" srcset=\"https:\/\/blogg.vm.ntnu.no\/tardigrada\/files\/2017\/05\/mose-225x300.jpg 225w, https:\/\/blogg.vm.ntnu.no\/tardigrada\/files\/2017\/05\/mose.jpg 604w\" sizes=\"auto, (max-width: 200px) 100vw, 200px\" \/>mosearter har flere bj\u00f8rnedyr enn andre; en god kandidat er <a href=\"https:\/\/nn.wikipedia.org\/wiki\/Etasjemose\">etasjemose<\/a> (<em>Hylocomium splendens<\/em>), men mange andre arter p\u00e5 tr\u00e6r og steiner (eller hustak) vil ogs\u00e5 ha bj\u00f8rnedyr.<\/li>\n<li>Legg mosen eller laven i en b\u00f8tte med 1 liter vann i 30 min. Bland alt veldig kraftig med hendene i 1 min.<\/li>\n<li>Ta vekk plantematerialet og hell vannet og grumset over i en h\u00f8y, smal beholder. Vi bruker m\u00e5lesylindre, men du kan gjerne bruke en stor <img loading=\"lazy\" decoding=\"async\" class=\"wp-image-39 alignright\" src=\"http:\/\/blogg.vm.ntnu.no\/tardigrada\/files\/2017\/05\/ivann-300x225.jpg\" alt=\"\" width=\"281\" height=\"211\" srcset=\"https:\/\/blogg.vm.ntnu.no\/tardigrada\/files\/2017\/05\/ivann-300x225.jpg 300w, https:\/\/blogg.vm.ntnu.no\/tardigrada\/files\/2017\/05\/ivann.jpg 604w\" sizes=\"auto, (max-width: 281px) 100vw, 281px\" \/>brusflaske ogs\u00e5. Kapp av toppen, s\u00e5 blir det lettere \u00e5 helle inn og ut. Vent i 30-40 min p\u00e5 at grumset synker\u00a0til bunns.<\/li>\n<li>Hell forsiktig av vannet p\u00e5 toppen slik at alt grumset blir igjen i flasken.<\/li>\n<li>Hell litt av grumset i en gjennomsiktig petrisk\u00e5l, tilsett litt rent vann og legg den p\u00e5 et sort underlag. Let etter <img loading=\"lazy\" decoding=\"async\" class=\"alignright wp-image-42\" src=\"http:\/\/blogg.vm.ntnu.no\/tardigrada\/files\/2017\/05\/glass-300x225.jpg\" alt=\"\" width=\"281\" height=\"211\" srcset=\"https:\/\/blogg.vm.ntnu.no\/tardigrada\/files\/2017\/05\/glass-300x225.jpg 300w, https:\/\/blogg.vm.ntnu.no\/tardigrada\/files\/2017\/05\/glass.jpg 604w\" sizes=\"auto, (max-width: 281px) 100vw, 281px\" \/>bj\u00f8rnedyrene med en lupe (minimum 20x forst\u00f8rrelse) eller et mikroskop.<\/li>\n<\/ol>\n","protected":false},"excerpt":{"rendered":"<p>Bj\u00f8rnedyr er umulige \u00e5 se med det blotte \u00f8ye ute i naturen. Men, du kan finne dem med denne enkle fremgangsm\u00e5ten Dette trenger du: En b\u00f8tte, en stor plastflaske med avkuttet tut, vann, lupe, sk\u00e5l med svart underlag og godt lys. Plukk litt mose eller lav ute i naturen. Noen mosearter har flere bj\u00f8rnedyr enn <a href=\"https:\/\/blogg.vm.ntnu.no\/tardigrada\/finn-ditt-eget-bjornedyr\/\" class=\"more-link\">\u2026 fortsett \u00e5 lese<span class=\"screen-reader-text\"> \u00abFinn ditt eget bj\u00f8rnedyr\u00bb<\/span><\/a><\/p>\n","protected":false},"author":1,"featured_media":0,"parent":0,"menu_order":0,"comment_status":"closed","ping_status":"closed","template":"","meta":{"_monsterinsights_skip_tracking":false,"_monsterinsights_sitenote_active":false,"_monsterinsights_sitenote_note":"","_monsterinsights_sitenote_category":0,"footnotes":""},"class_list":["post-37","page","type-page","status-publish","h-entry","hentry","h-as-page"],"_links":{"self":[{"href":"https:\/\/blogg.vm.ntnu.no\/tardigrada\/wp-json\/wp\/v2\/pages\/37","targetHints":{"allow":["GET"]}}],"collection":[{"href":"https:\/\/blogg.vm.ntnu.no\/tardigrada\/wp-json\/wp\/v2\/pages"}],"about":[{"href":"https:\/\/blogg.vm.ntnu.no\/tardigrada\/wp-json\/wp\/v2\/types\/page"}],"author":[{"embeddable":true,"href":"https:\/\/blogg.vm.ntnu.no\/tardigrada\/wp-json\/wp\/v2\/users\/1"}],"replies":[{"embeddable":true,"href":"https:\/\/blogg.vm.ntnu.no\/tardigrada\/wp-json\/wp\/v2\/comments?post=37"}],"version-history":[{"count":11,"href":"https:\/\/blogg.vm.ntnu.no\/tardigrada\/wp-json\/wp\/v2\/pages\/37\/revisions"}],"predecessor-version":[{"id":205,"href":"https:\/\/blogg.vm.ntnu.no\/tardigrada\/wp-json\/wp\/v2\/pages\/37\/revisions\/205"}],"wp:attachment":[{"href":"https:\/\/blogg.vm.ntnu.no\/tardigrada\/wp-json\/wp\/v2\/media?parent=37"}],"curies":[{"name":"wp","href":"https:\/\/api.w.org\/{rel}","templated":true}]}}