{"id":25,"date":"2017-05-09T11:52:53","date_gmt":"2017-05-09T11:52:53","guid":{"rendered":"http:\/\/blogg.vm.ntnu.no\/tardigrada\/?page_id=25"},"modified":"2017-05-20T13:16:11","modified_gmt":"2017-05-20T13:16:11","slug":"samarbeidspartnere","status":"publish","type":"page","link":"https:\/\/blogg.vm.ntnu.no\/tardigrada\/samarbeidspartnere\/","title":{"rendered":"Samarbeidspartnere"},"content":{"rendered":"<p>Disse personene er med i prosjektet:<\/p>\n<p><a href=\"https:\/\/www.ntnu.no\/ansatte\/torbjorn.ekrem\">Torbj\u00f8rn Ekrem<\/a> er professor i biosystematikk ved NTNU Vitenskapsmuseet i Trondheim og prosjektleder. Han leder det norske nettverket for DNA-strekkoding (<a href=\"http:\/\/www.norbol.org\/\">NorBOL<\/a>) og <a href=\"http:\/\/blogg.vm.ntnu.no\/ebai\/\">EBAI-prosjektet<\/a> og har v\u00e6rt interessert i bj\u00f8rnedyr siden studietiden ved Universitetet i Bergen.<\/p>\n<p><a href=\"http:\/\/www.skogoglandskap.no\/personer\/1420\/person_view\">Ivar Gjerde<\/a> er seniorforsker ved Norsk institutt for bio\u00f8konomi (NIBIO) og ekspert p\u00e5 biologisk mangfold i skog<\/p>\n<p><a href=\"http:\/\/personale.unimore.it\/rubrica\/dettaglio\/rguidetti\">Roberto Guidetti<\/a> er associate professor ved Universitetet i Modena i Italia. Han er bj\u00f8rnedyrekspert og jobber blant annet med evolusjon\u00e6re tilpasninger hos tardigrader.<\/p>\n<p><a href=\"http:\/\/www.ntnu.no\/ansatte\/kristian.hassel\">Kristian Hassel<\/a> er f\u00f8rsteamanuensis ved NTNU Vitenskapsmuseet og ekspert p\u00e5 moser. Kristian vil bidra til korrekt identifisering av moser og lav i prosjektet.<\/p>\n<p><a href=\"http:\/\/www.hkr.se\/om-hkr\/organisation\/sektioner\/sektionen-for-larande-och-miljo\/medarbetare-sektionen-for-larande-och-miljo\/k.-ingemar-jonsson\/\">Ingemar J\u00f6nsson<\/a> er professor i teoretisk og evolusjon\u00e6r \u00f8kologi ved H\u00f8gskolen i Kristianstad. Han jobber blant annet med tardigraders tilpasning til utt\u00f8rking og str\u00e5ligstoleranse og har sammen med Roberto Guidetti og Reinhardt Kristensen publisert en <a href=\"http:\/\/www.hkr.se\/om-hkr\/organisation\/sektioner\/sektionen-for-larande-och-miljo\/medarbetare-sektionen-for-larande-och-miljo\/k.-ingemar-jonsson\/forskning\/tardigrader-i-sverige\/\">oversikt over Sveriges bj\u00f8rnedyr<\/a>.<\/p>\n<p><a href=\"http:\/\/www.staff.amu.edu.pl\/~kaczmar\/index.php?option=com_content&amp;view=article&amp;id=9&amp;Itemid=8&amp;lang=en\">\u0141ukasz Kaczmarek<\/a> er assistant professor ved Institutt for milj\u00f8biologi ved Adam Mickiewicz Universitetet i Pozna\u0144, Polen. Han er ekspert p\u00e5 bj\u00f8rnedyr og har beskrevet mange nye arter for vitenskapen.<\/p>\n<p><a href=\"http:\/\/www.ntnu.no\/ansatte\/markus.majaneva\">Markus Majaneva<\/a> er postdoktor ved NTNU Vitenskapsmuseet og ekspert p\u00e5 bruk av molekyl\u00e6re metoder til identifisering av arter i milj\u00f8pr\u00f8ver.<\/p>\n<p>Terje Meier er Cand. Scient. fra Universitetet i Oslo og ekspert p\u00e5 norske bj\u00f8rnedyr.<\/p>\n<p>Lasse Topstad er mastergradsstudent ved NTNU og skal jobbe spesielt med bj\u00f8rnedyr fra Skr\u00e5stadheia.<\/p>\n<p><a href=\"http:\/\/www.ntnu.no\/ansatte\/elisabeth.stur\">Elisabeth Stur<\/a> er forsker ved NTNU Vitenskapsmuseet og ekspert p\u00e5 fj\u00e6rmygg og andre organismegrupper knyttet til ferskvann. Hun vil bidra med erfaring og ekspertise i felt, til identifisering og DNA-strekkoding av bj\u00f8rnedyr.<\/p>\n<p>Ved NTNU Vitenskapsmuseet er ogs\u00e5 <a href=\"http:\/\/www.ntnu.no\/ansatte\/aina.aspaas\">Aina M\u00e6rk Aspaas<\/a>, <a href=\"http:\/\/www.ntnu.no\/ansatte\/erik.bostrom\">Erik Bostr\u00f6m<\/a>, <a href=\"http:\/\/www.ntnu.no\/ansatte\/karstein.harsaker\">Karstein H\u00e5rsaker<\/a> og <a href=\"http:\/\/www.ntnu.no\/ansatte\/tommy.presto\">Tommy Prest\u00f8<\/a> involvert i ulike deler av prosjektet. Spesielt i feltarbeid, laboratoriearbeid, registrering og kuratering av vitenskapelige samlinger.<\/p>\n","protected":false},"excerpt":{"rendered":"<p>Disse personene er med i prosjektet: Torbj\u00f8rn Ekrem er professor i biosystematikk ved NTNU Vitenskapsmuseet i Trondheim og prosjektleder. Han leder det norske nettverket for DNA-strekkoding (NorBOL) og EBAI-prosjektet og har v\u00e6rt interessert i bj\u00f8rnedyr siden studietiden ved Universitetet i Bergen. Ivar Gjerde er seniorforsker ved Norsk institutt for bio\u00f8konomi (NIBIO) og ekspert p\u00e5 biologisk <a href=\"https:\/\/blogg.vm.ntnu.no\/tardigrada\/samarbeidspartnere\/\" class=\"more-link\">\u2026 fortsett \u00e5 lese<span class=\"screen-reader-text\"> \u00abSamarbeidspartnere\u00bb<\/span><\/a><\/p>\n","protected":false},"author":1,"featured_media":0,"parent":0,"menu_order":0,"comment_status":"closed","ping_status":"closed","template":"","meta":{"_monsterinsights_skip_tracking":false,"_monsterinsights_sitenote_active":false,"_monsterinsights_sitenote_note":"","_monsterinsights_sitenote_category":0,"footnotes":""},"class_list":["post-25","page","type-page","status-publish","h-entry","hentry","h-as-page"],"_links":{"self":[{"href":"https:\/\/blogg.vm.ntnu.no\/tardigrada\/wp-json\/wp\/v2\/pages\/25","targetHints":{"allow":["GET"]}}],"collection":[{"href":"https:\/\/blogg.vm.ntnu.no\/tardigrada\/wp-json\/wp\/v2\/pages"}],"about":[{"href":"https:\/\/blogg.vm.ntnu.no\/tardigrada\/wp-json\/wp\/v2\/types\/page"}],"author":[{"embeddable":true,"href":"https:\/\/blogg.vm.ntnu.no\/tardigrada\/wp-json\/wp\/v2\/users\/1"}],"replies":[{"embeddable":true,"href":"https:\/\/blogg.vm.ntnu.no\/tardigrada\/wp-json\/wp\/v2\/comments?post=25"}],"version-history":[{"count":4,"href":"https:\/\/blogg.vm.ntnu.no\/tardigrada\/wp-json\/wp\/v2\/pages\/25\/revisions"}],"predecessor-version":[{"id":72,"href":"https:\/\/blogg.vm.ntnu.no\/tardigrada\/wp-json\/wp\/v2\/pages\/25\/revisions\/72"}],"wp:attachment":[{"href":"https:\/\/blogg.vm.ntnu.no\/tardigrada\/wp-json\/wp\/v2\/media?parent=25"}],"curies":[{"name":"wp","href":"https:\/\/api.w.org\/{rel}","templated":true}]}}