{"id":82,"date":"2014-08-05T14:11:04","date_gmt":"2014-08-05T12:11:04","guid":{"rendered":"http:\/\/blogg.vm.ntnu.no\/frozenfauna\/?page_id=82"},"modified":"2015-06-23T11:36:32","modified_gmt":"2015-06-23T09:36:32","slug":"glasialbiologi","status":"publish","type":"page","link":"https:\/\/blogg.vm.ntnu.no\/frozenfauna\/glasialbiologi\/","title":{"rendered":"Glasialbiologi"},"content":{"rendered":"<p><a href=\"http:\/\/blogg.vm.ntnu.no\/frozenfauna\/files\/2014\/07\/P1010049b.jpg\"><img loading=\"lazy\" decoding=\"async\" class=\"alignnone wp-image-41 size-large\" src=\"http:\/\/blogg.vm.ntnu.no\/frozenfauna\/files\/2014\/07\/P1010049b-1024x362.jpg\" alt=\"Foto: J\u00f8rgen Rosvold\" width=\"690\" height=\"243\" srcset=\"https:\/\/blogg.vm.ntnu.no\/frozenfauna\/files\/2014\/07\/P1010049b-1024x362.jpg 1024w, https:\/\/blogg.vm.ntnu.no\/frozenfauna\/files\/2014\/07\/P1010049b-300x106.jpg 300w, https:\/\/blogg.vm.ntnu.no\/frozenfauna\/files\/2014\/07\/P1010049b-600x212.jpg 600w, https:\/\/blogg.vm.ntnu.no\/frozenfauna\/files\/2014\/07\/P1010049b-1638x580.jpg 1638w, https:\/\/blogg.vm.ntnu.no\/frozenfauna\/files\/2014\/07\/P1010049b.jpg 2048w\" sizes=\"auto, (max-width: 690px) 100vw, 690px\" \/><\/a><\/p>\n<p>Isdekte omr\u00e5der, som isbreer og permanente sn\u00f8fonner, blir ofte sett p\u00e5 som \u00f8de og livsl\u00f8se landskap; omr\u00e5der som f\u00f8rst blir kolonisert av organismer etter at isen har smeltet vekk. Nyere forskning holder n\u00e5 p\u00e5 \u00e5 endre denne oppfatningen og det blir stadig oppdaget at en rekke planter, dyr og mikroorganismer faktisk bor i isen.<\/p>\n<p>Liv har blitt funnet p\u00e5, i og under isen, der de danner komplekse og unike samfunn. Enkelte arter er bare jevnlige bes\u00f8kende, mens andre tilbringer hele sitt liv i dette frosne landskapet.<\/p>\n<p>F\u00e5 slike milj\u00f8 har blitt studert s\u00e5 langt. I takt med at klimaet blir varmere og isen smelter risikerer vi \u00e5 miste en rekke organismer som vi vet veldig lite om, samt viktige biologiske samspill med isen.<\/p>\n<p>Isbreer og sn\u00f8fonner utgj\u00f8r ogs\u00e5 \u00f8kologiske og arkeologiske arkiver over fortiden. N\u00e5r de smelter dukker det opp rester av organismer (bein, h\u00e5r og fj\u00e6r, avf\u00f8ring og hele dyr) fra isen som kan gi viktig informasjon ulike h\u00f8yfjellarters historie og om fortidige endringer i naturen. Problemet er at n\u00e5r de f\u00f8rst er smeltet fram brytes de raskt ned og forsvinner hvis de ikke blir samlet inn.<\/p>\n<p>S\u00e5 langt har glasialbiologiske studier fokusert p\u00e5 sm\u00e5 organismer som lever i isen. Form\u00e5let til dette prosjektet er \u00e5 unders\u00f8ke de fuglene og pattedyrene som bes\u00f8ker, benytter seg av og legger igjen spor etter seg i isen.<\/p>\n<figure id=\"attachment_47\" aria-describedby=\"caption-attachment-47\" style=\"width: 1024px\" class=\"wp-caption alignnone\"><a href=\"http:\/\/blogg.vm.ntnu.no\/frozenfauna\/files\/2014\/07\/8782Tord2.jpg\"><img loading=\"lazy\" decoding=\"async\" class=\"wp-image-47 size-full\" src=\"http:\/\/blogg.vm.ntnu.no\/frozenfauna\/files\/2014\/07\/8782Tord2.jpg\" alt=\"\" width=\"1024\" height=\"499\" srcset=\"https:\/\/blogg.vm.ntnu.no\/frozenfauna\/files\/2014\/07\/8782Tord2.jpg 1024w, https:\/\/blogg.vm.ntnu.no\/frozenfauna\/files\/2014\/07\/8782Tord2-300x146.jpg 300w, https:\/\/blogg.vm.ntnu.no\/frozenfauna\/files\/2014\/07\/8782Tord2-600x292.jpg 600w\" sizes=\"auto, (max-width: 1024px) 100vw, 1024px\" \/><\/a><figcaption id=\"caption-attachment-47\" class=\"wp-caption-text\">Foto: Tord Brette, SNO<\/figcaption><\/figure>\n<p>&nbsp;<\/p>\n<p><strong>Lenker til andre glasialbiologiske prosjekter og funn<\/strong><\/p>\n<p>Generell glasialbiologi:<\/p>\n<p>&#8211; <a href=\"http:\/\/www-es.s.chiba-u.ac.jp\/%7Etakeuchi\/glacialbiology.html\">Glacial Biology<\/a><\/p>\n<p>&#8211; <a href=\"http:\/\/black.clarku.edu\/%7Ephartzel\/\">World glacial biology program<\/a><\/p>\n<p>&#8211; <a href=\"http:\/\/www.societyforcryobiology.org\/\">Cryobiology<\/a><\/p>\n<p>&#8211; <a href=\"http:\/\/www.nichols.edu\/departments\/glacier\/iceworm.htm\">Ice worms<\/a><\/p>\n<p>&#8211; <a href=\"http:\/\/www.antarcticglaciers.org\/modern-glaciers\/glacier-ecosystems\/\">Glacier ecosystems<\/a><\/p>\n<p>&#8211; <a href=\"https:\/\/www.geo.umass.edu\/climate\/quelccaya\/diuca.html\">Glacial nests<\/a><\/p>\n<p>&#8211; <a href=\"http:\/\/www.unis.no\/60_NEWS\/6080_Archive_2012\/n_12_09_06_glacier_moss_balls\/mice_on_ice_news_06092012.htm\">Glacier mice<\/a><\/p>\n<p>&#8211; <a href=\"http:\/\/www2.gi.alaska.edu\/ScienceForum\/ASF15\/1559.html\">The tiny universe on Alaskan glaciers<\/a><\/p>\n<p>&nbsp;<\/p>\n<p>Spektakul\u00e6re frosne biologiske funn:<\/p>\n<p>&#8211; <a href=\"http:\/\/www.iceman.it\/en\/oetzi-the-iceman\">\u00d6tzi<\/a><\/p>\n<p>&#8211; <a href=\"http:\/\/www.uaf.edu\/museum\/press\/spotlight\/blue-babe\/index.xml\">Blue Babe<\/a><\/p>\n<p>&#8211; <a href=\"http:\/\/www.dailymail.co.uk\/sciencetech\/article-2358695\/Woolly-mammoth-frozen-Siberia-39-000-YEARS-goes-display-Tokyo-woolly.html\">Frozen mammoth<\/a><\/p>\n<p>&#8211; <a href=\"http:\/\/www.livescience.com\/48645-bison-mummy-photos.html\" target=\"_blank\">9000 year old Siberian bison mummy<\/a><\/p>\n<p>&#8211; <a href=\"http:\/\/siberiantimes.com\/science\/casestudy\/features\/f0121-autopsy-carried-out-in-far-east-on-only-mummified-dog-ever-found-in-the-world\/\">Tumat the 12.500 year old frozen puppy<\/a><\/p>\n","protected":false},"excerpt":{"rendered":"<p>Isdekte omr\u00e5der, som isbreer og permanente sn\u00f8fonner, blir ofte sett p\u00e5 som \u00f8de og livsl\u00f8se landskap; omr\u00e5der som f\u00f8rst blir kolonisert av organismer etter at isen har smeltet vekk. Nyere forskning holder n\u00e5 p\u00e5 \u00e5 endre denne oppfatningen og det blir stadig oppdaget at en rekke planter, dyr og mikroorganismer faktisk bor i isen. Liv [&hellip;]<\/p>\n","protected":false},"author":12,"featured_media":0,"parent":0,"menu_order":1,"comment_status":"open","ping_status":"open","template":"","meta":{"_monsterinsights_skip_tracking":false,"_monsterinsights_sitenote_active":false,"_monsterinsights_sitenote_note":"","_monsterinsights_sitenote_category":0,"footnotes":""},"class_list":["post-82","page","type-page","status-publish","hentry"],"_links":{"self":[{"href":"https:\/\/blogg.vm.ntnu.no\/frozenfauna\/wp-json\/wp\/v2\/pages\/82","targetHints":{"allow":["GET"]}}],"collection":[{"href":"https:\/\/blogg.vm.ntnu.no\/frozenfauna\/wp-json\/wp\/v2\/pages"}],"about":[{"href":"https:\/\/blogg.vm.ntnu.no\/frozenfauna\/wp-json\/wp\/v2\/types\/page"}],"author":[{"embeddable":true,"href":"https:\/\/blogg.vm.ntnu.no\/frozenfauna\/wp-json\/wp\/v2\/users\/12"}],"replies":[{"embeddable":true,"href":"https:\/\/blogg.vm.ntnu.no\/frozenfauna\/wp-json\/wp\/v2\/comments?post=82"}],"version-history":[{"count":5,"href":"https:\/\/blogg.vm.ntnu.no\/frozenfauna\/wp-json\/wp\/v2\/pages\/82\/revisions"}],"predecessor-version":[{"id":322,"href":"https:\/\/blogg.vm.ntnu.no\/frozenfauna\/wp-json\/wp\/v2\/pages\/82\/revisions\/322"}],"wp:attachment":[{"href":"https:\/\/blogg.vm.ntnu.no\/frozenfauna\/wp-json\/wp\/v2\/media?parent=82"}],"curies":[{"name":"wp","href":"https:\/\/api.w.org\/{rel}","templated":true}]}}