{"id":8,"date":"2014-07-09T10:15:41","date_gmt":"2014-07-09T08:15:41","guid":{"rendered":"http:\/\/blogg.vm.ntnu.no\/frozenfauna\/?page_id=8"},"modified":"2017-05-16T09:36:12","modified_gmt":"2017-05-16T07:36:12","slug":"om","status":"publish","type":"page","link":"https:\/\/blogg.vm.ntnu.no\/frozenfauna\/om\/","title":{"rendered":"Om"},"content":{"rendered":"<p><strong>Frossen fauna<\/strong> er en forskningsblogg dedikert til unders\u00f8kelser av fugler og pattedyr i alpine glasiologiske omr\u00e5der, i dag og i fortiden. Forskningsprosjektet har to hovedm\u00e5l:<\/p>\n<p>1. \u00c5 dokumentere hvilke dyr som aktivt benytter isbreer og permanente sn\u00f8fonner i fjellet og hvilken funksjon de har for dyrene.<\/p>\n<p>2. \u00c5 utforske hvilken informasjon dyrerester som er funnet i slike omr\u00e5der kan gi om deres historie.<\/p>\n<p>Hovedsiden til bloggen er p\u00e5 engelsk, men det vil komme oppdateringer p\u00e5 prosjektet ogs\u00e5 her med opplysninger om spennende funn, feltarbeid og resultater.<\/p>\n<p>&nbsp;<\/p>\n<p>Dette prosjektet er n\u00e6rt knyttet til et postdok-prosjekt som omhandler historien til reinen i Norge, og til det arkeologiske sn\u00f8fonnprosjektet <a href=\"https:\/\/www.ntnu.no\/vitenskapsmuseet\/sparc\" target=\"_blank\" rel=\"noopener noreferrer\">SPARC<\/a>. Mange av feltunders\u00f8kelsene vil foreg\u00e5 i tradisjonelle s\u00f8rsamiske omr\u00e5der, med potensialt til \u00e5 belyse spennende sider ved den samiske h\u00f8yfjellshistorien (<a href=\"https:\/\/www.ntnu.no\/web\/vitenskapsmuseet\/soersamiske-snoefonner\" target=\"_blank\" rel=\"noopener noreferrer\">\u00c5arjelsaemien tsoevtsh<\/a>).<\/p>\n<p>&nbsp;<\/p>\n<p>Prosjektene varer ut juni 2017.<\/p>\n<p>&nbsp;<\/p>\n<p>Finansiering for prosjektet har blitt gitt av <a href=\"https:\/\/www.ntnu.no\/\" target=\"_blank\" rel=\"noopener noreferrer\">NTNU<\/a>, <a href=\"http:\/\/www.miljodirektoratet.no\/\" target=\"_blank\" rel=\"noopener noreferrer\">Milj\u00f8direktoratet<\/a>, <a href=\"https:\/\/www.sametinget.no\/\" target=\"_blank\" rel=\"noopener noreferrer\">Sametinget<\/a>, <a href=\"http:\/\/www.dknvs.no\/\" target=\"_blank\" rel=\"noopener noreferrer\">DKNVS<\/a> og <a href=\"http:\/\/www.nansenfondet.no\/\" target=\"_blank\" rel=\"noopener noreferrer\">Nansenfondet<\/a>.<\/p>\n<p>&nbsp;<\/p>\n<p>Prosjektet ledes av J\u00f8rgen Rosvold. Jeg er biolog, men med utdanning ogs\u00e5 i arkeologi. Jeg fullf\u00f8rte <a href=\"http:\/\/ntnu.diva-portal.org\/smash\/record.jsf;jsessionid=61384d1aef0ecf73f6df185e9148?parentRecord=diva2:614131&amp;pid=diva2:609368\" target=\"_blank\" rel=\"noopener noreferrer\">min doktorgrad<\/a> i \u00f8kologi i 2013, om historien til elg, hjort og villsvin i Norge, og jobber for tiden p\u00e5 Seksjon for arkeologi og kulturhistorie p\u00e5 <a href=\"http:\/\/www.ntnu.no\/vitenskapsmuseet\" target=\"_blank\" rel=\"noopener noreferrer\">NTNU Vitenskapsmuseet<\/a>.<\/p>\n<p><a href=\"http:\/\/blogg.vm.ntnu.no\/frozenfauna\/files\/2014\/07\/IMG_0682b.jpg\"><img loading=\"lazy\" decoding=\"async\" class=\"alignnone size-medium wp-image-36\" src=\"http:\/\/blogg.vm.ntnu.no\/frozenfauna\/files\/2014\/07\/IMG_0682b-224x300.jpg\" alt=\"IMG_0682b\" width=\"224\" height=\"300\" srcset=\"https:\/\/blogg.vm.ntnu.no\/frozenfauna\/files\/2014\/07\/IMG_0682b-224x300.jpg 224w, https:\/\/blogg.vm.ntnu.no\/frozenfauna\/files\/2014\/07\/IMG_0682b-767x1024.jpg 767w, https:\/\/blogg.vm.ntnu.no\/frozenfauna\/files\/2014\/07\/IMG_0682b-600x800.jpg 600w, https:\/\/blogg.vm.ntnu.no\/frozenfauna\/files\/2014\/07\/IMG_0682b-434x580.jpg 434w\" sizes=\"auto, (max-width: 224px) 100vw, 224px\" \/><\/a><\/p>\n<p><a href=\"http:\/\/www.ntnu.no\/ansatte\/jorgen.rosvold\" target=\"_blank\" rel=\"noopener noreferrer\">Kontaktinformasjon<\/a><\/p>\n<p>Bildet i toppbanneret er tatt av Tord Bretten (SNO).<\/p>\n<p>Alle bildene p\u00e5 disse nettsidene eies av de respektive fotografene. Vennligst be om lov f\u00f8r du bruker de.<\/p>\n","protected":false},"excerpt":{"rendered":"<p>Frossen fauna er en forskningsblogg dedikert til unders\u00f8kelser av fugler og pattedyr i alpine glasiologiske omr\u00e5der, i dag og i fortiden. Forskningsprosjektet har to hovedm\u00e5l: 1. \u00c5 dokumentere hvilke dyr som aktivt benytter isbreer og permanente sn\u00f8fonner i fjellet og hvilken funksjon de har for dyrene. 2. \u00c5 utforske hvilken informasjon dyrerester som er funnet [&hellip;]<\/p>\n","protected":false},"author":1,"featured_media":0,"parent":0,"menu_order":3,"comment_status":"open","ping_status":"open","template":"","meta":{"_monsterinsights_skip_tracking":false,"_monsterinsights_sitenote_active":false,"_monsterinsights_sitenote_note":"","_monsterinsights_sitenote_category":0,"footnotes":""},"class_list":["post-8","page","type-page","status-publish","hentry"],"_links":{"self":[{"href":"https:\/\/blogg.vm.ntnu.no\/frozenfauna\/wp-json\/wp\/v2\/pages\/8","targetHints":{"allow":["GET"]}}],"collection":[{"href":"https:\/\/blogg.vm.ntnu.no\/frozenfauna\/wp-json\/wp\/v2\/pages"}],"about":[{"href":"https:\/\/blogg.vm.ntnu.no\/frozenfauna\/wp-json\/wp\/v2\/types\/page"}],"author":[{"embeddable":true,"href":"https:\/\/blogg.vm.ntnu.no\/frozenfauna\/wp-json\/wp\/v2\/users\/1"}],"replies":[{"embeddable":true,"href":"https:\/\/blogg.vm.ntnu.no\/frozenfauna\/wp-json\/wp\/v2\/comments?post=8"}],"version-history":[{"count":10,"href":"https:\/\/blogg.vm.ntnu.no\/frozenfauna\/wp-json\/wp\/v2\/pages\/8\/revisions"}],"predecessor-version":[{"id":512,"href":"https:\/\/blogg.vm.ntnu.no\/frozenfauna\/wp-json\/wp\/v2\/pages\/8\/revisions\/512"}],"wp:attachment":[{"href":"https:\/\/blogg.vm.ntnu.no\/frozenfauna\/wp-json\/wp\/v2\/media?parent=8"}],"curies":[{"name":"wp","href":"https:\/\/api.w.org\/{rel}","templated":true}]}}