{"id":74,"date":"2014-08-05T13:46:05","date_gmt":"2014-08-05T11:46:05","guid":{"rendered":"http:\/\/blogg.vm.ntnu.no\/frozenfauna\/?page_id=74"},"modified":"2015-04-17T14:05:43","modified_gmt":"2015-04-17T12:05:43","slug":"rein","status":"publish","type":"page","link":"https:\/\/blogg.vm.ntnu.no\/frozenfauna\/rein\/","title":{"rendered":"Reinprosjektet"},"content":{"rendered":"<figure id=\"attachment_60\" aria-describedby=\"caption-attachment-60\" style=\"width: 1024px\" class=\"wp-caption alignnone\"><a href=\"http:\/\/blogg.vm.ntnu.no\/frozenfauna\/files\/2014\/07\/IMG_0712_b2.jpg\"><img loading=\"lazy\" decoding=\"async\" class=\"wp-image-60 size-full\" src=\"http:\/\/blogg.vm.ntnu.no\/frozenfauna\/files\/2014\/07\/IMG_0712_b2.jpg\" alt=\"\" width=\"1024\" height=\"571\" srcset=\"https:\/\/blogg.vm.ntnu.no\/frozenfauna\/files\/2014\/07\/IMG_0712_b2.jpg 1024w, https:\/\/blogg.vm.ntnu.no\/frozenfauna\/files\/2014\/07\/IMG_0712_b2-300x167.jpg 300w, https:\/\/blogg.vm.ntnu.no\/frozenfauna\/files\/2014\/07\/IMG_0712_b2-600x334.jpg 600w\" sizes=\"auto, (max-width: 1024px) 100vw, 1024px\" \/><\/a><figcaption id=\"caption-attachment-60\" class=\"wp-caption-text\">En reinflokk (oppe til venstre) hviler seg p\u00e5 en sn\u00f8fonn i B\u00f8rgefjell en varm sommerdag. Foto: J\u00f8rgen Rosvold<\/figcaption><\/figure>\n<p>Reinen er et av de pattedyrene som er n\u00e6rmest knyttet til isbreer og sn\u00f8fonner. P\u00e5 varme sommerdager samler reinen seg ofte p\u00e5 isen for \u00e5 kj\u00f8le seg ned og slippe unna den verste innsektplagen. Dette har de gjort i tusenvis av \u00e5r og gjennom tiden har de lagt igjen <a href=\"http:\/\/gemini.no\/2014\/03\/hvor-kom-tamreinen-fra\/\" target=\"_blank\">spor<\/a> etter seg i form av avf\u00f8ring, pels og gevir.<\/p>\n<p>Dette har v\u00e6rt kjent blant mennesker i lang tid og omr\u00e5dene har v\u00e6rt viktige for <a href=\"http:\/\/gemini.no\/2010\/09\/jegerane-pa-fonna\/\" target=\"_blank\">reinjegere<\/a> som ogs\u00e5 har lagt igjen sine spor i isen. <a href=\"http:\/\/www.nrk.no\/nordland\/her-ser-du-flere-hundre-reinsdyr-1.11850302\" target=\"_blank\">Ogs\u00e5 i dag<\/a> blir slike sn\u00f8fonner benyttet i reindrifta for \u00e5 samle og merke dyr.<\/p>\n<p>&laquo;Frossen fauna&raquo;-prosjektet er n\u00e6rt knyttet til det p\u00e5g\u00e5ende postdok-prosjektet om historien til villrein og tamrein i Norge: &laquo;<strong>Jakten p\u00e5 tamreinen<\/strong>&laquo;.<\/p>\n<p>Prosjektets m\u00e5l er \u00e5 benytte de sv\u00e6rt godt bevarte restene av rein funnet i isbreer og sn\u00f8fonner til \u00e5 gi genetisk informasjon om forhistoriske reinbestander. Prosjektet vil i tillegg unders\u00f8ke beinrester av rein fra gamle beingjemmer og middelalderfunn fra handelssteder. Prosjektet har fire hovedm\u00e5l:<\/p>\n<p>&#8211; \u00c5 utvide den geografiske og tidsmessige utbredelsen av data p\u00e5 reinens DNA.<\/p>\n<p>&#8211; Lokalisere den gamle villreinbestanden som dannet grunnlaget for dagens skandinaviske tamrein. Se ogs\u00e5 prosjektet <a href=\"https:\/\/www.ntnu.no\/web\/vitenskapsmuseet\/soersamiske-snoefonner\" target=\"_blank\">\u00c5arjelsaemien tsoevtsh<\/a><\/p>\n<p>&#8211; Unders\u00f8ke gamle kulturelle og \u00f8konomiske tradisjoner knyttet til bruken av rein.<\/p>\n<p>&#8211; Bruke disse data til \u00e5 utforske faktorer som har v\u00e6rt viktige for \u00e5 skape dagens struktur i villreinsbestandene i Norge.<\/p>\n<p>Prosjektet ledes av <a href=\"http:\/\/blogg.vm.ntnu.no\/frozenfauna\/om\/\">J\u00f8rgen Rosvold<\/a>, er knyttet til <a href=\"http:\/\/www.ntnu.no\/vitenskapsmuseet\/sparc\" target=\"_blank\">SPARC<\/a>-prosjektet, NFR-prosjektet &laquo;<a href=\"http:\/\/norark.no\/om-prosjektet\" target=\"_blank\">Forskning i fellesskap<\/a>&raquo; og p\u00e5g\u00e5ende forskning av <a href=\"http:\/\/www.nvh.no\/no\/Ansatte\/BasAM\/Knut-Hakon-Roed\/\" target=\"_blank\">Knut H. R\u00f8ed<\/a> ved NMBU, og er delfinansiert av <a href=\"http:\/\/www.miljodirektoratet.no\/\" target=\"_blank\">Milj\u00f8direktoratet<\/a>.<\/p>\n<p>&nbsp;<\/p>\n","protected":false},"excerpt":{"rendered":"<p>Reinen er et av de pattedyrene som er n\u00e6rmest knyttet til isbreer og sn\u00f8fonner. P\u00e5 varme sommerdager samler reinen seg ofte p\u00e5 isen for \u00e5 kj\u00f8le seg ned og slippe unna den verste innsektplagen. Dette har de gjort i tusenvis av \u00e5r og gjennom tiden har de lagt igjen spor etter seg i form av [&hellip;]<\/p>\n","protected":false},"author":12,"featured_media":0,"parent":0,"menu_order":0,"comment_status":"open","ping_status":"open","template":"","meta":{"_monsterinsights_skip_tracking":false,"_monsterinsights_sitenote_active":false,"_monsterinsights_sitenote_note":"","_monsterinsights_sitenote_category":0,"footnotes":""},"class_list":["post-74","page","type-page","status-publish","hentry"],"_links":{"self":[{"href":"https:\/\/blogg.vm.ntnu.no\/frozenfauna\/wp-json\/wp\/v2\/pages\/74","targetHints":{"allow":["GET"]}}],"collection":[{"href":"https:\/\/blogg.vm.ntnu.no\/frozenfauna\/wp-json\/wp\/v2\/pages"}],"about":[{"href":"https:\/\/blogg.vm.ntnu.no\/frozenfauna\/wp-json\/wp\/v2\/types\/page"}],"author":[{"embeddable":true,"href":"https:\/\/blogg.vm.ntnu.no\/frozenfauna\/wp-json\/wp\/v2\/users\/12"}],"replies":[{"embeddable":true,"href":"https:\/\/blogg.vm.ntnu.no\/frozenfauna\/wp-json\/wp\/v2\/comments?post=74"}],"version-history":[{"count":5,"href":"https:\/\/blogg.vm.ntnu.no\/frozenfauna\/wp-json\/wp\/v2\/pages\/74\/revisions"}],"predecessor-version":[{"id":278,"href":"https:\/\/blogg.vm.ntnu.no\/frozenfauna\/wp-json\/wp\/v2\/pages\/74\/revisions\/278"}],"wp:attachment":[{"href":"https:\/\/blogg.vm.ntnu.no\/frozenfauna\/wp-json\/wp\/v2\/media?parent=74"}],"curies":[{"name":"wp","href":"https:\/\/api.w.org\/{rel}","templated":true}]}}