{"id":1154,"date":"2014-02-04T13:26:01","date_gmt":"2014-02-04T12:26:01","guid":{"rendered":"http:\/\/blogg.vm.ntnu.no\/evolusjon\/?page_id=1154"},"modified":"2014-02-05T11:02:33","modified_gmt":"2014-02-05T10:02:33","slug":"kontakt-oss","status":"publish","type":"page","link":"https:\/\/blogg.vm.ntnu.no\/evolusjon\/kontakt-oss\/","title":{"rendered":"Kontakt oss"},"content":{"rendered":"<p>Du finner mer informasjon om Systematikk og Evolusjonsgruppa her:<\/p>\n<p><a href=\"http:\/\/www.ntnu.no\/vitenskapsmuseet\/systematikk-og-evolusjon\">http:\/\/www.ntnu.no\/vitenskapsmuseet\/systematikk-og-evolusjon<\/a><\/p>\n<p>Du kan ogs\u00e5 kontakte leder for SEG, Hans Sten\u00f8ien p\u00e5 epost stenoien(a)ntnu.no.<\/p>\n[Skift ut (a) med @]\n<p>&nbsp;<\/p>\n","protected":false},"excerpt":{"rendered":"<p>Du finner mer informasjon om Systematikk og Evolusjonsgruppa her: http:\/\/www.ntnu.no\/vitenskapsmuseet\/systematikk-og-evolusjon Du kan ogs\u00e5 kontakte leder for SEG, Hans Sten\u00f8ien p\u00e5 epost stenoien(a)ntnu.no. [Skift ut (a) med @] &nbsp;<\/p>\n","protected":false},"author":1,"featured_media":0,"parent":0,"menu_order":60,"comment_status":"open","ping_status":"open","template":"","meta":{"_monsterinsights_skip_tracking":false,"_monsterinsights_sitenote_active":false,"_monsterinsights_sitenote_note":"","_monsterinsights_sitenote_category":0,"footnotes":""},"class_list":["post-1154","page","type-page","status-publish","hentry"],"_links":{"self":[{"href":"https:\/\/blogg.vm.ntnu.no\/evolusjon\/wp-json\/wp\/v2\/pages\/1154","targetHints":{"allow":["GET"]}}],"collection":[{"href":"https:\/\/blogg.vm.ntnu.no\/evolusjon\/wp-json\/wp\/v2\/pages"}],"about":[{"href":"https:\/\/blogg.vm.ntnu.no\/evolusjon\/wp-json\/wp\/v2\/types\/page"}],"author":[{"embeddable":true,"href":"https:\/\/blogg.vm.ntnu.no\/evolusjon\/wp-json\/wp\/v2\/users\/1"}],"replies":[{"embeddable":true,"href":"https:\/\/blogg.vm.ntnu.no\/evolusjon\/wp-json\/wp\/v2\/comments?post=1154"}],"version-history":[{"count":3,"href":"https:\/\/blogg.vm.ntnu.no\/evolusjon\/wp-json\/wp\/v2\/pages\/1154\/revisions"}],"predecessor-version":[{"id":1163,"href":"https:\/\/blogg.vm.ntnu.no\/evolusjon\/wp-json\/wp\/v2\/pages\/1154\/revisions\/1163"}],"wp:attachment":[{"href":"https:\/\/blogg.vm.ntnu.no\/evolusjon\/wp-json\/wp\/v2\/media?parent=1154"}],"curies":[{"name":"wp","href":"https:\/\/api.w.org\/{rel}","templated":true}]}}