{"id":1124,"date":"2010-12-16T09:09:44","date_gmt":"2010-12-16T09:09:44","guid":{"rendered":"http:\/\/blogg.vm.ntnu.no\/evolusjon\/?page_id=2"},"modified":"2014-12-15T08:51:03","modified_gmt":"2014-12-15T07:51:03","slug":"about","status":"publish","type":"page","link":"https:\/\/blogg.vm.ntnu.no\/evolusjon\/about\/","title":{"rendered":"Om bloggen"},"content":{"rendered":"<p><strong><em><a href=\"http:\/\/www.ntnu.no\/nathist\/forskning\/biosyst\" target=\"_blank\"><img loading=\"lazy\" decoding=\"async\" title=\"SEG\" src=\"http:\/\/blogg.vm.ntnu.no\/evolusjon\/files\/2009\/09\/SEG_2_komp-300x104.jpg\" alt=\"SEG\" width=\"139\" height=\"49\" \/><\/a><\/em><\/strong><\/p>\n<p><strong>Evolusjon!<\/strong><strong>\u00a0<\/strong>er bloggen til <a href=\"http:\/\/www.ntnu.no\/nathist\/forskning\/biosyst\">Systematikk og Evolusjonsgruppa<\/a>\u00a0ved NTNU Vitenskapsmuseet. Vi arbeider med sp\u00f8rsm\u00e5l knyttet til artsdannelse, slektskap mellom arter og arters utbredelse i tid og rom. Her kan du lese om v\u00e5re forskningsprosjekter, v\u00e5re vitenskapelige publikasjoner og temaer knyttet til v\u00e5rt forskningsfelt.<\/p>\n","protected":false},"excerpt":{"rendered":"<p>Evolusjon!\u00a0er bloggen til Systematikk og Evolusjonsgruppa\u00a0ved NTNU Vitenskapsmuseet. Vi arbeider med sp\u00f8rsm\u00e5l knyttet til artsdannelse, slektskap mellom arter og arters utbredelse i tid og rom. Her kan du lese om v\u00e5re forskningsprosjekter, v\u00e5re vitenskapelige publikasjoner og temaer knyttet til v\u00e5rt forskningsfelt.<\/p>\n","protected":false},"author":1,"featured_media":0,"parent":0,"menu_order":30,"comment_status":"open","ping_status":"open","template":"","meta":{"_monsterinsights_skip_tracking":false,"_monsterinsights_sitenote_active":false,"_monsterinsights_sitenote_note":"","_monsterinsights_sitenote_category":0,"footnotes":""},"class_list":["post-1124","page","type-page","status-publish","hentry"],"_links":{"self":[{"href":"https:\/\/blogg.vm.ntnu.no\/evolusjon\/wp-json\/wp\/v2\/pages\/1124","targetHints":{"allow":["GET"]}}],"collection":[{"href":"https:\/\/blogg.vm.ntnu.no\/evolusjon\/wp-json\/wp\/v2\/pages"}],"about":[{"href":"https:\/\/blogg.vm.ntnu.no\/evolusjon\/wp-json\/wp\/v2\/types\/page"}],"author":[{"embeddable":true,"href":"https:\/\/blogg.vm.ntnu.no\/evolusjon\/wp-json\/wp\/v2\/users\/1"}],"replies":[{"embeddable":true,"href":"https:\/\/blogg.vm.ntnu.no\/evolusjon\/wp-json\/wp\/v2\/comments?post=1124"}],"version-history":[{"count":6,"href":"https:\/\/blogg.vm.ntnu.no\/evolusjon\/wp-json\/wp\/v2\/pages\/1124\/revisions"}],"predecessor-version":[{"id":1485,"href":"https:\/\/blogg.vm.ntnu.no\/evolusjon\/wp-json\/wp\/v2\/pages\/1124\/revisions\/1485"}],"wp:attachment":[{"href":"https:\/\/blogg.vm.ntnu.no\/evolusjon\/wp-json\/wp\/v2\/media?parent=1124"}],"curies":[{"name":"wp","href":"https:\/\/api.w.org\/{rel}","templated":true}]}}